{"id":1209,"date":"2021-11-12T13:01:40","date_gmt":"2021-11-12T12:01:40","guid":{"rendered":"http:\/\/vitberry.emersoft.pl\/wordpress\/?post_type=product&#038;p=1209"},"modified":"2024-01-14T20:28:39","modified_gmt":"2024-01-14T19:28:39","slug":"syrop-pigwowy","status":"publish","type":"product","link":"http:\/\/vitberry.emersoft.pl\/wordpress\/product\/syrop-pigwowy\/","title":{"rendered":"Syrop Pigwowy"},"content":{"rendered":"<p><b>Syrop Pigwowy &#8211; Delikatny Smak Natury, Zdrowa Uczta Dla Ca\u0142ej Rodziny!<\/b><\/p>\n<p>Odkryj magiczny smak pigw, zamkni\u0119ty w butelce naszego Syropu Pigwowego &#8211; idealnego dodatku dla rodzin z dzie\u0107mi i tych, kt\u00f3rzy pragn\u0105 wprowadzi\u0107 do swojej diety nut\u0119 oryginalno\u015bci i zdrowego smaku.<\/p>\n<p><b>Dlaczego nasz syrop pigwowy to wyj\u0105tkowy wyb\u00f3r?<\/b><\/p>\n<ul>\n<li><b>Smak, Kt\u00f3ry Odkrywa Nowe Granice:<\/b> Pigwa to owoc, kt\u00f3ry zaskakuje delikatnym, lekko s\u0142odkim smakiem. Nasz syrop to zaproszenie do odkrywania nowych dozna\u0144 smakowych!<\/li>\n<\/ul>\n<ul>\n<li><b>Zdrowy Nektar Natury:<\/b> Pigwa to \u017ar\u00f3d\u0142o b\u0142onnika, witamin i minera\u0142\u00f3w. Nasz syrop dostarcza nie tylko smaku, ale i zdrowotnych dobrodziejstw, wspieraj\u0105c Twoj\u0105 codzienn\u0105 diet\u0119.<\/li>\n<\/ul>\n<ul>\n<li><b>Bez Sztucznych Dodatk\u00f3w:<\/b> Dbamy o zdrowie Twoje i Twojej rodziny! Nasz syrop nie zawiera sztucznych barwnik\u00f3w, konserwant\u00f3w ani sztucznego smaku &#8211; to czysta esencja dobrodziejstw natury.<\/li>\n<\/ul>\n<ul>\n<li><b>Rado\u015b\u0107 Dla Ca\u0142ej Rodziny:<\/b> Syrop Pigwowy to nie tylko smak dla doros\u0142ych &#8211; zachwyci tak\u017ce maluchy! Idealny do picia, przygotowywania deser\u00f3w czy kreatywnych koktajli dla ca\u0142ej rodziny.<\/li>\n<\/ul>\n<ul>\n<li><b>Uniwersalny W Kuchni:<\/b> Spr\u00f3buj u\u017cy\u0107 syropu pigwowego jako dodatku do herbaty, napoj\u00f3w gazowanych, czy nawet do polewania plack\u00f3w i lod\u00f3w. Kulinarna kreatywno\u015b\u0107 zaczyna si\u0119 od jednej kropelki!<\/li>\n<\/ul>\n<p>Przeniknij smakiem do \u015bwiata pigwowej rozkoszy! Syrop Pigwowy to nie tylko nap\u00f3j, to tak\u017ce kropla zdrowego luksusu, kt\u00f3r\u0105 mo\u017cesz podzieli\u0107 si\u0119 z najbli\u017cszymi.<span class=\"Apple-converted-space\">\u00a0<\/span><\/p>\n","protected":false},"excerpt":{"rendered":"<h3>Butelka 500ml<\/h3>\n<p>Sk\u0142adniki: sok z owoc\u00f3w pigwy 60%, cukier.<\/p>\n","protected":false},"featured_media":1210,"template":"","meta":{"_eb_attr":""},"product_cat":[28,18],"product_tag":[],"class_list":{"0":"post-1209","1":"product","2":"type-product","3":"status-publish","4":"has-post-thumbnail","6":"product_cat-produkty-specjalne","7":"product_cat-syropy","9":"first","10":"instock","11":"shipping-taxable","12":"purchasable","13":"product-type-simple"},"_links":{"self":[{"href":"http:\/\/vitberry.emersoft.pl\/wordpress\/wp-json\/wp\/v2\/product\/1209","targetHints":{"allow":["GET"]}}],"collection":[{"href":"http:\/\/vitberry.emersoft.pl\/wordpress\/wp-json\/wp\/v2\/product"}],"about":[{"href":"http:\/\/vitberry.emersoft.pl\/wordpress\/wp-json\/wp\/v2\/types\/product"}],"wp:featuredmedia":[{"embeddable":true,"href":"http:\/\/vitberry.emersoft.pl\/wordpress\/wp-json\/wp\/v2\/media\/1210"}],"wp:attachment":[{"href":"http:\/\/vitberry.emersoft.pl\/wordpress\/wp-json\/wp\/v2\/media?parent=1209"}],"wp:term":[{"taxonomy":"product_cat","embeddable":true,"href":"http:\/\/vitberry.emersoft.pl\/wordpress\/wp-json\/wp\/v2\/product_cat?post=1209"},{"taxonomy":"product_tag","embeddable":true,"href":"http:\/\/vitberry.emersoft.pl\/wordpress\/wp-json\/wp\/v2\/product_tag?post=1209"}],"curies":[{"name":"wp","href":"https:\/\/api.w.org\/{rel}","templated":true}]}}