{"id":1332,"date":"2022-01-05T15:36:16","date_gmt":"2022-01-05T14:36:16","guid":{"rendered":"http:\/\/vitberry.emersoft.pl\/wordpress\/?post_type=product&#038;p=1332"},"modified":"2024-01-14T20:28:40","modified_gmt":"2024-01-14T19:28:40","slug":"sok-jablkowo-bananowy-100","status":"publish","type":"product","link":"http:\/\/vitberry.emersoft.pl\/wordpress\/product\/sok-jablkowo-bananowy-100\/","title":{"rendered":"Sok Jab\u0142kowo- Bananowy 100% 12 butelek"},"content":{"rendered":"<p><b>Sok Jab\u0142kowo-Bananowy &#8211; Rozkosz Smaku i Energii w Jednym \u0141yku!<\/b><\/p>\n<p>Przedstawiamy nasz\u0105 najnowsz\u0105 pyszno\u015b\u0107 &#8211; Sok Vitberry Jab\u0142kowo-Bananowy, stworzony z my\u015bl\u0105 o rodzinach z dzie\u0107mi i tych, kt\u00f3rzy pragn\u0105 po\u0142\u0105czenia smak\u00f3w owoc\u00f3w w zdrowej, orze\u017awiaj\u0105cej dawce.<\/p>\n<p><b>Dlaczego nasz sok jab\u0142kowo-bananowy jest tak wyj\u0105tkowy?<\/b><\/p>\n<ul>\n<li><b>Po\u0142\u0105czenie Pe\u0142ni Smaku:<\/b> Jab\u0142ka i banany to idealna harmonia s\u0142odyczy i orze\u017awiaj\u0105cego smaku. Nasz sok \u0142\u0105czy te dwa owoce, tworz\u0105c niepowtarzaln\u0105 kompozycj\u0119 smakow\u0105.<\/li>\n<\/ul>\n<ul>\n<li><b>Energetyczna Bomba Witamin:<\/b> Jab\u0142ka dostarczaj\u0105 witaminy C, podczas gdy banany dodaj\u0105 energii dzi\u0119ki witaminie B6. To prawdziwa dawka zdrowia i energii dla ca\u0142ej rodziny.<\/li>\n<\/ul>\n<ul>\n<li><b>Zdrowa Alternatywa dla Napoj\u00f3w S\u0142odzonych:<\/b> Nasz sok nie zawiera sztucznego dodatku cukru. To doskona\u0142a alternatywa dla tych, kt\u00f3rzy pragn\u0105 cieszy\u0107 si\u0119 smakiem bez zb\u0119dnego obci\u0105\u017cenia kalorii.<\/li>\n<\/ul>\n<ul>\n<li><b>\u015awie\u017co\u015b\u0107 Natury w Butelce:<\/b> Sok Jab\u0142kowo-Bananowy to nie tylko nap\u00f3j, to tak\u017ce \u015bwie\u017co\u015b\u0107 i czysto\u015b\u0107 natury, zamkni\u0119ta w ka\u017cdej butelce.<\/li>\n<\/ul>\n<ul>\n<li><b>Idealny na Ka\u017cd\u0105 Okazj\u0119:<\/b> \u015aniadanie, przek\u0105ska czy nap\u00f3j po treningu &#8211; nasz sok sprawdzi si\u0119 doskonale, dodaj\u0105c energii i witamin do Twojego dnia.<\/li>\n<\/ul>\n<p>Zapewnij swojej rodzinie zdrow\u0105 dawk\u0119 smaku! Sok Jab\u0142kowo-Bananowy to nie tylko nap\u00f3j, to rado\u015b\u0107 smaku, kt\u00f3r\u0105 mo\u017cesz podzieli\u0107 si\u0119 z najbli\u017cszymi.<span class=\"Apple-converted-space\">\u00a0<\/span><\/p>\n","protected":false},"excerpt":{"rendered":"<h3>Karton 12 butelek 250ml<\/h3>\n<p>Sk\u0142adniki: Sok jab\u0142kowy 80%, przecier bananowy 20%, przeciwutleniacz &#8211; witamina C (kwas askorbinowy)<\/p>\n","protected":false},"featured_media":1333,"template":"","meta":{"_eb_attr":""},"product_cat":[22],"product_tag":[],"class_list":{"0":"post-1332","1":"product","2":"type-product","3":"status-publish","4":"has-post-thumbnail","6":"product_cat-soki","8":"first","9":"instock","10":"shipping-taxable","11":"purchasable","12":"product-type-simple"},"_links":{"self":[{"href":"http:\/\/vitberry.emersoft.pl\/wordpress\/wp-json\/wp\/v2\/product\/1332","targetHints":{"allow":["GET"]}}],"collection":[{"href":"http:\/\/vitberry.emersoft.pl\/wordpress\/wp-json\/wp\/v2\/product"}],"about":[{"href":"http:\/\/vitberry.emersoft.pl\/wordpress\/wp-json\/wp\/v2\/types\/product"}],"wp:featuredmedia":[{"embeddable":true,"href":"http:\/\/vitberry.emersoft.pl\/wordpress\/wp-json\/wp\/v2\/media\/1333"}],"wp:attachment":[{"href":"http:\/\/vitberry.emersoft.pl\/wordpress\/wp-json\/wp\/v2\/media?parent=1332"}],"wp:term":[{"taxonomy":"product_cat","embeddable":true,"href":"http:\/\/vitberry.emersoft.pl\/wordpress\/wp-json\/wp\/v2\/product_cat?post=1332"},{"taxonomy":"product_tag","embeddable":true,"href":"http:\/\/vitberry.emersoft.pl\/wordpress\/wp-json\/wp\/v2\/product_tag?post=1332"}],"curies":[{"name":"wp","href":"https:\/\/api.w.org\/{rel}","templated":true}]}}