{"id":1368,"date":"2022-02-03T13:44:46","date_gmt":"2022-02-03T12:44:46","guid":{"rendered":"http:\/\/vitberry.emersoft.pl\/wordpress\/?post_type=product&#038;p=1368"},"modified":"2024-01-14T20:28:40","modified_gmt":"2024-01-14T19:28:40","slug":"sok-jablko-mango-100","status":"publish","type":"product","link":"http:\/\/vitberry.emersoft.pl\/wordpress\/product\/sok-jablko-mango-100\/","title":{"rendered":"Sok Jab\u0142ko-Mango 100% 12 butelek"},"content":{"rendered":"<p><b>Sok Jab\u0142ko Mango &#8211; Egzotyczna Odprawa dla Twojego Podniebienia!<\/b><\/p>\n<p>Rozkoszuj si\u0119 chwil\u0105 egzotyki wraz z Sokiem Vitberry Jab\u0142ko Mango! To harmonijne po\u0142\u0105czenie soczystych jab\u0142ek i tropikalnego mango, stworzone specjalnie dla rodzin, dzieci i tych, kt\u00f3rzy pragn\u0105 smaku umilaj\u0105cego ka\u017cdy dzie\u0144, zachowuj\u0105c jednocze\u015bnie zdrowy charakter.<\/p>\n<p><b>Dlaczego nasz sok to wyj\u0105tkowy wyb\u00f3r?<\/b><\/p>\n<ul>\n<li><b>Smak Egzotyki w Ka\u017cdym \u0141yku:<\/b>\u00a0Nasz sok to prawdziwa wyprawa do tropik\u00f3w! Soczyste jab\u0142ka \u0142\u0105cz\u0105 si\u0142y z aromatycznym mango, tworz\u0105c smak, kt\u00f3ry przeniesie Ci\u0119 na inn\u0105 planet\u0119 gwarantuj\u0105c rozkosz dla kubk\u00f3w smakowych.<\/li>\n<\/ul>\n<ul>\n<li><b>Bogactwo Witamin:<\/b>\u00a0Nasz sok to zdrowa bomba witaminowa, wspieraj\u0105ca zdrowie ca\u0142ej rodziny i dodaj\u0105ca energii do codziennego \u017cycia. Jab\u0142ka dostarczaj\u0105 witaminy C, a mango obfituje w witamin\u0119 A.<span class=\"gwpe1b0eeaf_gmail-Apple-converted-space\">\u00a0<\/span><\/li>\n<\/ul>\n<ul>\n<li><b>Bez Dodatku Sztucznych Substancji:<\/b>\u00a0Czysta przyjemno\u015b\u0107 naturalnych smak\u00f3w! Nasz sok nie zawiera sztucznych barwnik\u00f3w ani konserwant\u00f3w &#8211; to czysta esencja owoc\u00f3w w ka\u017cdym \u0142yku.<\/li>\n<\/ul>\n<ul>\n<li><b>Idealny dla Maluch\u00f3w i Doros\u0142ych:<\/b>\u00a0Zapewnij swojej rodzinie smakowite chwile! Nasz Sok Jab\u0142ko Mango to pyszna alternatywa dla innych napoj\u00f3w, dostarczaj\u0105c rado\u015bci bez zb\u0119dnych kalorii.<\/li>\n<\/ul>\n<ul>\n<li><b>Oaza Egzotyki na Ka\u017cd\u0105 Okazj\u0119:<\/b>\u00a0\u015aniadanie, popo\u0142udniowa przek\u0105ska czy wieczorny relaks &#8211; nasz sok sprawdzi si\u0119 doskonale na ka\u017cdym stole, dodaj\u0105c nut\u0119 tropik\u00f3w do codziennego \u017cycia.<\/li>\n<\/ul>\n<p>Zanurz si\u0119 w smaku, kt\u00f3ry roz\u015bwietli Twoje dni! Sok Jab\u0142ko Mango to nie tylko nap\u00f3j, to podr\u00f3\u017c do krainy tropikalnej frajdy, kt\u00f3r\u0105 mo\u017cesz podzieli\u0107 si\u0119 z ca\u0142ym swoim stolikiem rodzinnym. Odkryj tajemnic\u0119 egzotyki w jednym kubku!<\/p>\n","protected":false},"excerpt":{"rendered":"<h3>Karton 12 butelek 250ml<\/h3>\n<p>Sk\u0142adniki: sok z jab\u0142kowy 80%, przecier z mango 20%, przeciwutleniacz &#8211; witamina C (kwas askorbinowy)<\/p>\n","protected":false},"featured_media":1369,"template":"","meta":{"_eb_attr":""},"product_cat":[22],"product_tag":[],"class_list":{"0":"post-1368","1":"product","2":"type-product","3":"status-publish","4":"has-post-thumbnail","6":"product_cat-soki","8":"first","9":"instock","10":"shipping-taxable","11":"purchasable","12":"product-type-simple"},"_links":{"self":[{"href":"http:\/\/vitberry.emersoft.pl\/wordpress\/wp-json\/wp\/v2\/product\/1368","targetHints":{"allow":["GET"]}}],"collection":[{"href":"http:\/\/vitberry.emersoft.pl\/wordpress\/wp-json\/wp\/v2\/product"}],"about":[{"href":"http:\/\/vitberry.emersoft.pl\/wordpress\/wp-json\/wp\/v2\/types\/product"}],"wp:featuredmedia":[{"embeddable":true,"href":"http:\/\/vitberry.emersoft.pl\/wordpress\/wp-json\/wp\/v2\/media\/1369"}],"wp:attachment":[{"href":"http:\/\/vitberry.emersoft.pl\/wordpress\/wp-json\/wp\/v2\/media?parent=1368"}],"wp:term":[{"taxonomy":"product_cat","embeddable":true,"href":"http:\/\/vitberry.emersoft.pl\/wordpress\/wp-json\/wp\/v2\/product_cat?post=1368"},{"taxonomy":"product_tag","embeddable":true,"href":"http:\/\/vitberry.emersoft.pl\/wordpress\/wp-json\/wp\/v2\/product_tag?post=1368"}],"curies":[{"name":"wp","href":"https:\/\/api.w.org\/{rel}","templated":true}]}}