{"id":1376,"date":"2022-02-11T10:36:26","date_gmt":"2022-02-11T09:36:26","guid":{"rendered":"http:\/\/vitberry.emersoft.pl\/wordpress\/?post_type=product&#038;p=1376"},"modified":"2024-01-14T20:28:40","modified_gmt":"2024-01-14T19:28:40","slug":"syrop-z-czarnego-bzu","status":"publish","type":"product","link":"http:\/\/vitberry.emersoft.pl\/wordpress\/product\/syrop-z-czarnego-bzu\/","title":{"rendered":"Syrop z Czarnego Bzu"},"content":{"rendered":"<div class=\"\" data-block=\"true\" data-editor=\"4ih78\" data-offset-key=\"2bj57-0-0\">\n<div class=\"_1mf _1mj\" data-offset-key=\"2bj57-0-0\">\n<p><b>Syrop z Czarnego Bzu &#8211; Nektar Natury dla Ca\u0142ej Rodziny!<\/b><\/p>\n<p>Witaj w magicznym \u015bwiecie smaku i zdrowia! Nasz Syrop Vitberry z Czarnego Bzu to nie tylko s\u0142odki dodatek, ale r\u00f3wnie\u017c od\u017cywczy eliksir stworzony z my\u015bl\u0105 o rodzinach z dzie\u0107mi i tych, kt\u00f3rzy pragn\u0105 do\u015bwiadczy\u0107 pe\u0142ni smaku natury.<\/p>\n<p><b>Dlaczego nasz syrop z czarnego bzu zas\u0142uguje na uwag\u0119?<\/b><\/p>\n<ul>\n<li><b>Bogactwo Witamin i Minera\u0142\u00f3w:<\/b> Czarny bez to skarbnica witaminy C i antyoksydant\u00f3w. Nasz syrop dostarcza nie tylko smaku, ale tak\u017ce zdrowotnych dobrodziejstw dla organizmu.<\/li>\n<\/ul>\n<ul>\n<li><b>S\u0142odycz Bez Nadmiaru Kalorii:<\/b> Czarny bez to nie tylko wyj\u0105tkowy smak, ale tak\u017ce bomba witaminowa. Nasz syrop to idealna alternatywa dla cukru, mo\u017cna go doda\u0107 do wody lub herbaty, aby cieszy\u0107 si\u0119 s\u0142odycz\u0105 napoju z czarnego bzu.<\/li>\n<\/ul>\n<ul>\n<li><b>Wspieranie Odporno\u015bci:<\/b> Dzi\u0119ki witaminie C i innym sk\u0142adnikom od\u017cywczym, syrop z czarnego bzu mo\u017ce pom\u00f3c we wzmacnianiu odporno\u015bci ca\u0142ej rodziny, szczeg\u00f3lnie w okresie zwi\u0119kszonego ryzyka przezi\u0119bie\u0144.<\/li>\n<\/ul>\n<ul>\n<li><b>Uniwersalny i Kreatywny:<\/b> Idealny do napoj\u00f3w, herbat, deser\u00f3w i koktajli! Spraw, by codzienne chwile by\u0142y smaczne i pe\u0142ne energii dzi\u0119ki dodatkowi czarnego bzu.<\/li>\n<\/ul>\n<ul>\n<li><b>Bez Sztucznych Dodatk\u00f3w:<\/b> Dbamy o zdrowie Twoje i Twojej rodziny! Nasz syrop nie zawiera sztucznych barwnik\u00f3w, konserwant\u00f3w ani sztucznego smaku &#8211; to czysta natura w ka\u017cdej kropli.<\/li>\n<\/ul>\n<p>Zanurz si\u0119 w smaku czarnego bzu i czerp zdrowie prosto z natury! Syrop Vitberry z Czarnego Bzu to nie tylko nap\u00f3j, to magiczna kropla \u017cycia, kt\u00f3r\u0105 mo\u017cesz podzieli\u0107 si\u0119 z najbli\u017cszymi.<span class=\"Apple-converted-space\">\u00a0<\/span><\/p>\n<\/div>\n<\/div>\n","protected":false},"excerpt":{"rendered":"<h3>Butelka 500ml<\/h3>\n<p>Sk\u0142adniki: Sok wyci\u015bni\u0119ty z owoc\u00f3w czarnego bzu (53%), cukier.<\/p>\n","protected":false},"featured_media":1377,"template":"","meta":{"_eb_attr":""},"product_cat":[18],"product_tag":[],"class_list":{"0":"post-1376","1":"product","2":"type-product","3":"status-publish","4":"has-post-thumbnail","6":"product_cat-syropy","8":"first","9":"instock","10":"shipping-taxable","11":"purchasable","12":"product-type-simple"},"_links":{"self":[{"href":"http:\/\/vitberry.emersoft.pl\/wordpress\/wp-json\/wp\/v2\/product\/1376","targetHints":{"allow":["GET"]}}],"collection":[{"href":"http:\/\/vitberry.emersoft.pl\/wordpress\/wp-json\/wp\/v2\/product"}],"about":[{"href":"http:\/\/vitberry.emersoft.pl\/wordpress\/wp-json\/wp\/v2\/types\/product"}],"wp:featuredmedia":[{"embeddable":true,"href":"http:\/\/vitberry.emersoft.pl\/wordpress\/wp-json\/wp\/v2\/media\/1377"}],"wp:attachment":[{"href":"http:\/\/vitberry.emersoft.pl\/wordpress\/wp-json\/wp\/v2\/media?parent=1376"}],"wp:term":[{"taxonomy":"product_cat","embeddable":true,"href":"http:\/\/vitberry.emersoft.pl\/wordpress\/wp-json\/wp\/v2\/product_cat?post=1376"},{"taxonomy":"product_tag","embeddable":true,"href":"http:\/\/vitberry.emersoft.pl\/wordpress\/wp-json\/wp\/v2\/product_tag?post=1376"}],"curies":[{"name":"wp","href":"https:\/\/api.w.org\/{rel}","templated":true}]}}