{"id":1585,"date":"2022-06-24T09:54:40","date_gmt":"2022-06-24T07:54:40","guid":{"rendered":"http:\/\/vitberry.emersoft.pl\/wordpress\/?post_type=product&#038;p=1585"},"modified":"2024-01-14T20:28:42","modified_gmt":"2024-01-14T19:28:42","slug":"soki-12-butelek-250ml-mix-2","status":"publish","type":"product","link":"http:\/\/vitberry.emersoft.pl\/wordpress\/product\/soki-12-butelek-250ml-mix-2\/","title":{"rendered":"Soki 12 butelek 250ml mix"},"content":{"rendered":"<h2>Sok Jab\u0142kowy 100%:<\/h2>\n<h4>Sk\u0142adniki: sok jab\u0142kowy 100%, przeciwutleniacz \u2013 witamina C<\/h4>\n<p>Naturalny sok jab\u0142kowy 100% t\u0142oczony na zimno z wyselekcjonowanych odmian jab\u0142ek. Orze\u017awiaj\u0105cy smak \u015bwie\u017cych owoc\u00f3w zamkni\u0119ty w butelce. Bogaty w witamin\u0119 C wspiera nasz\u0105 odporno\u015b\u0107. Dzi\u0119ki du\u017cej zawarto\u015bci sk\u0142adnik\u00f3w od\u017cywczych wzmacnia pozytywne samopoczucie i zmniejsza poczucie zm\u0119czenia.<\/p>\n<p>&nbsp;<\/p>\n<h2>Sok Jab\u0142kowo- Wi\u015bniowy 100%:<\/h2>\n<h4>Sk\u0142adniki: sok jab\u0142kowy 80%, sok z wi\u015bni 20%, przeciwutleniacz \u2013 witamina C<\/h4>\n<p>Mieszanka soku ze starannie wyselekcjonowanych jab\u0142ek oraz wi\u015bni z polskich sad\u00f3w. Lekko kwa\u015bny, aromatyczny smak orze\u017awia i pobudza organizm.<\/p>\n<p>&nbsp;<\/p>\n<h2>Sok Jab\u0142kowo- Truskawkowy 100%:<\/h2>\n<h4>Sk\u0142adniki: sok jab\u0142kowy 80%, sok truskawkowy 20%, przeciwutleniacz \u2013 witamina C<\/h4>\n<p>Naturalny sok jab\u0142kowo-truskawkowy to mieszanka dw\u00f3ch owoc\u00f3w; naszych polskich jab\u0142ek i soczystych truskawek. T\u0142oczenie owoc\u00f3w na zimno pozwoli\u0142o zachowa\u0107 ich naturalny aromat. Sok ten jest orze\u017awiaj\u0105cy i bogaty w sk\u0142adniki od\u017cywcze.<\/p>\n<p>&nbsp;<\/p>\n","protected":false},"excerpt":{"rendered":"<h3>Karton 12 butelek 250ml<\/h3>\n<h4>4 butelki ka\u017cdego z trzech smak\u00f3w<\/h4>\n<h5>(bez mo\u017cliwo\u015bci wymiany smak\u00f3w)<\/h5>\n","protected":false},"featured_media":1586,"template":"","meta":{"_eb_attr":""},"product_cat":[20],"product_tag":[],"class_list":{"0":"post-1585","1":"product","2":"type-product","3":"status-publish","4":"has-post-thumbnail","6":"product_cat-zestawy","8":"first","9":"instock","10":"shipping-taxable","11":"purchasable","12":"product-type-simple"},"_links":{"self":[{"href":"http:\/\/vitberry.emersoft.pl\/wordpress\/wp-json\/wp\/v2\/product\/1585","targetHints":{"allow":["GET"]}}],"collection":[{"href":"http:\/\/vitberry.emersoft.pl\/wordpress\/wp-json\/wp\/v2\/product"}],"about":[{"href":"http:\/\/vitberry.emersoft.pl\/wordpress\/wp-json\/wp\/v2\/types\/product"}],"wp:featuredmedia":[{"embeddable":true,"href":"http:\/\/vitberry.emersoft.pl\/wordpress\/wp-json\/wp\/v2\/media\/1586"}],"wp:attachment":[{"href":"http:\/\/vitberry.emersoft.pl\/wordpress\/wp-json\/wp\/v2\/media?parent=1585"}],"wp:term":[{"taxonomy":"product_cat","embeddable":true,"href":"http:\/\/vitberry.emersoft.pl\/wordpress\/wp-json\/wp\/v2\/product_cat?post=1585"},{"taxonomy":"product_tag","embeddable":true,"href":"http:\/\/vitberry.emersoft.pl\/wordpress\/wp-json\/wp\/v2\/product_tag?post=1585"}],"curies":[{"name":"wp","href":"https:\/\/api.w.org\/{rel}","templated":true}]}}