{"id":1589,"date":"2022-06-27T09:34:17","date_gmt":"2022-06-27T07:34:17","guid":{"rendered":"http:\/\/vitberry.emersoft.pl\/wordpress\/?post_type=product&#038;p=1589"},"modified":"2024-01-14T20:28:42","modified_gmt":"2024-01-14T19:28:42","slug":"soki-12-butelek-250ml-mix-kopia","status":"publish","type":"product","link":"http:\/\/vitberry.emersoft.pl\/wordpress\/product\/soki-12-butelek-250ml-mix-kopia\/","title":{"rendered":"Soki 12 butelek 250ml mix"},"content":{"rendered":"<h2>Sok Jab\u0142kowo- Brzoskwiniowy 100%:<\/h2>\n<h4>Sk\u0142adniki: sok\u00a0 jab\u0142kowy 80%, przecier brzoskwiniowy 20%, przeciwutleniacz &#8211; witamina C (kwas askorbinowy)<\/h4>\n<p>Mieszanka soku z wyselekcjonowanych polskich jab\u0142ek i delikatnej, aromatycznej pulpy brzoskwiniowej.<br \/>\nMa dzia\u0142anie antyoksydacyjne oraz poprawia prac\u0119 uk\u0142adu pokarmowego.<br \/>\nOrze\u017awia, dodaje energii i dzia\u0142a odm\u0142adzaj\u0105co na sk\u00f3r\u0119, dzi\u0119ki zawartym w swoim sk\u0142adnie witaminom.<\/p>\n<h2>Sok Jab\u0142ko- Mango 100%<\/h2>\n<h4>Sk\u0142adniki: sok jab\u0142kowy 80%, przecier z mango 20%, przeciwutleniacz &#8211; witamina C (kwas askorbinowy)<\/h4>\n<p>Sok jab\u0142ko-mango to bogate w witaminy po\u0142\u0105czenie. Soczyste mango w zestawieniu ze s\u0142odkim jab\u0142kiem tworzy niesamowity smak. Trafny wyb\u00f3r dla mi\u0142o\u015bnik\u00f3w egzotycznych owoc\u00f3w.<\/p>\n<h2>Sok Jab\u0142kowo- Bananowy 100%<\/h2>\n<h4>Sk\u0142adniki: sok\u00a0 jab\u0142kowy 80%, przecier bananowy 20%, przeciwutleniacz &#8211; witamina C (kwas askorbinowy)<\/h4>\n<p>Naturalny sok jab\u0142kowo-bananowy to mieszanka dw\u00f3ch owoc\u00f3w; dojrza\u0142ych banan\u00f3w i naszych polskich jab\u0142ek. Sok ten jest bardzo orze\u017awiaj\u0105cy i bogaty w sk\u0142adniki od\u017cywcze.<\/p>\n","protected":false},"excerpt":{"rendered":"<h3>Karton 12 butelek 250ml<\/h3>\n<h4>4 butelki ka\u017cdego z trzech smak\u00f3w<\/h4>\n<h5>(bez mo\u017cliwo\u015bci wymiany smak\u00f3w)<\/h5>\n","protected":false},"featured_media":1590,"template":"","meta":{"_eb_attr":""},"product_cat":[22],"product_tag":[],"class_list":{"0":"post-1589","1":"product","2":"type-product","3":"status-publish","4":"has-post-thumbnail","6":"product_cat-soki","8":"first","9":"instock","10":"shipping-taxable","11":"purchasable","12":"product-type-simple"},"_links":{"self":[{"href":"http:\/\/vitberry.emersoft.pl\/wordpress\/wp-json\/wp\/v2\/product\/1589","targetHints":{"allow":["GET"]}}],"collection":[{"href":"http:\/\/vitberry.emersoft.pl\/wordpress\/wp-json\/wp\/v2\/product"}],"about":[{"href":"http:\/\/vitberry.emersoft.pl\/wordpress\/wp-json\/wp\/v2\/types\/product"}],"wp:featuredmedia":[{"embeddable":true,"href":"http:\/\/vitberry.emersoft.pl\/wordpress\/wp-json\/wp\/v2\/media\/1590"}],"wp:attachment":[{"href":"http:\/\/vitberry.emersoft.pl\/wordpress\/wp-json\/wp\/v2\/media?parent=1589"}],"wp:term":[{"taxonomy":"product_cat","embeddable":true,"href":"http:\/\/vitberry.emersoft.pl\/wordpress\/wp-json\/wp\/v2\/product_cat?post=1589"},{"taxonomy":"product_tag","embeddable":true,"href":"http:\/\/vitberry.emersoft.pl\/wordpress\/wp-json\/wp\/v2\/product_tag?post=1589"}],"curies":[{"name":"wp","href":"https:\/\/api.w.org\/{rel}","templated":true}]}}