{"id":1665,"date":"2022-09-07T14:07:49","date_gmt":"2022-09-07T12:07:49","guid":{"rendered":"http:\/\/vitberry.emersoft.pl\/wordpress\/?post_type=product&#038;p=1665"},"modified":"2024-01-14T20:28:44","modified_gmt":"2024-01-14T19:28:44","slug":"sok-pomarancza-i-grejpfrut-mix","status":"publish","type":"product","link":"http:\/\/vitberry.emersoft.pl\/wordpress\/product\/sok-pomarancza-i-grejpfrut-mix\/","title":{"rendered":"Sok Pomara\u0144czowy + Grejpfrutowy Mix"},"content":{"rendered":"<p>Sok Grejpfrutowy 100 %\u00a0 250 ml<\/p>\n<p>To bomba witaminowa wzmacniaj\u0105ca odporno\u015b\u0107 organizmu oraz poprawiaj\u0105ca kondycj\u0119 sk\u00f3ry. Skutecznie gasi pragnienie i oczyszcza organizm z toksyn.<\/p>\n<p>Sok z Pomara\u0144czy 100% 250 ml.<\/p>\n<p>Sok pomara\u0144czowy z dojrzewaj\u0105cych w s\u0142onecznej Hiszpanii owoc\u00f3w, t\u0142oczony na zimno. Idealnie gasi pragnienie oraz jest wybornym dope\u0142nieniem koktajli i drink\u00f3w.<\/p>\n<p>&nbsp;<\/p>\n","protected":false},"excerpt":{"rendered":"<p>Soki zapakowane w oryginalny kartonik 12 butelek ( po 6 szt. ka\u017cdego smaku)<\/p>\n","protected":false},"featured_media":1666,"template":"","meta":{"_eb_attr":""},"product_cat":[22],"product_tag":[],"class_list":{"0":"post-1665","1":"product","2":"type-product","3":"status-publish","4":"has-post-thumbnail","6":"product_cat-soki","8":"first","9":"instock","10":"shipping-taxable","11":"purchasable","12":"product-type-simple"},"_links":{"self":[{"href":"http:\/\/vitberry.emersoft.pl\/wordpress\/wp-json\/wp\/v2\/product\/1665","targetHints":{"allow":["GET"]}}],"collection":[{"href":"http:\/\/vitberry.emersoft.pl\/wordpress\/wp-json\/wp\/v2\/product"}],"about":[{"href":"http:\/\/vitberry.emersoft.pl\/wordpress\/wp-json\/wp\/v2\/types\/product"}],"wp:featuredmedia":[{"embeddable":true,"href":"http:\/\/vitberry.emersoft.pl\/wordpress\/wp-json\/wp\/v2\/media\/1666"}],"wp:attachment":[{"href":"http:\/\/vitberry.emersoft.pl\/wordpress\/wp-json\/wp\/v2\/media?parent=1665"}],"wp:term":[{"taxonomy":"product_cat","embeddable":true,"href":"http:\/\/vitberry.emersoft.pl\/wordpress\/wp-json\/wp\/v2\/product_cat?post=1665"},{"taxonomy":"product_tag","embeddable":true,"href":"http:\/\/vitberry.emersoft.pl\/wordpress\/wp-json\/wp\/v2\/product_tag?post=1665"}],"curies":[{"name":"wp","href":"https:\/\/api.w.org\/{rel}","templated":true}]}}