{"id":1687,"date":"2022-09-20T09:20:19","date_gmt":"2022-09-20T07:20:19","guid":{"rendered":"http:\/\/vitberry.emersoft.pl\/wordpress\/?post_type=product&#038;p=1687"},"modified":"2024-01-14T20:28:44","modified_gmt":"2024-01-14T19:28:44","slug":"syropy-owocowe-mix-12-butelek","status":"publish","type":"product","link":"http:\/\/vitberry.emersoft.pl\/wordpress\/product\/syropy-owocowe-mix-12-butelek\/","title":{"rendered":"Syropy owocowe MIX 12 butelek"},"content":{"rendered":"<h4><strong><span style=\"color: #1c1e21\"><span style=\"font-family: Georgia, serif\"><span style=\"font-size: medium\">Do wyboru 12 butelek 500ml spo\u015br\u00f3d 6 smak\u00f3w:<\/span><\/span><\/span><\/strong><\/h4>\n<h4><strong><span style=\"color: #1c1e21\"><span style=\"font-family: Georgia, serif\"><span style=\"font-size: medium\">Syrop z czarnego bzu<\/span><\/span><\/span><\/strong><\/h4>\n<h4><span style=\"color: #1c1e21\"><span style=\"font-family: Georgia, serif\"><span style=\"font-size: medium\"> Sk\u0142adniki: sok z owoc\u00f3w czarnego bzu (53%), cukier. <\/span><\/span><\/span><\/h4>\n<h4><strong><span style=\"color: #1c1e21\"><span style=\"font-family: Georgia, serif\"><span style=\"font-size: medium\">Syrop pigwowy<\/span><\/span><\/span><\/strong><\/h4>\n<h4><span style=\"color: #1c1e21\"><span style=\"font-family: Georgia, serif\"><span style=\"font-size: medium\">Sk\u0142adniki: sok z pigwy 60%, cukier. <\/span><\/span><\/span><\/h4>\n<h4><strong><span style=\"color: #1c1e21\"><span style=\"font-family: Georgia, serif\"><span style=\"font-size: medium\">Syrop z czarnej porzeczki <\/span><\/span><\/span><\/strong><\/h4>\n<h4><span style=\"color: #1c1e21\"><span style=\"font-family: Georgia, serif\"><span style=\"font-size: medium\">Sk\u0142adniki: sok\u00a0 z czarnej porzeczki (53%), cukier (47%).<\/span><\/span><\/span><\/h4>\n<h4><strong><span style=\"color: #1c1e21\"><span style=\"font-family: Georgia, serif\"><span style=\"font-size: medium\"> Syrop truskawkowy\u00a0<\/span><\/span><\/span><\/strong><\/h4>\n<h4><span style=\"color: #1c1e21\"><span style=\"font-family: Georgia, serif\"><span style=\"font-size: medium\">Sk\u0142adniki: sok z truskawek 58%, cukier <\/span><\/span><\/span><\/h4>\n<h4><strong><span style=\"color: #1c1e21\"><span style=\"font-family: Georgia, serif\"><span style=\"font-size: medium\">Syrop malinowy\u00a0<\/span><\/span><\/span><\/strong><\/h4>\n<h4><span style=\"color: #1c1e21\"><span style=\"font-family: Georgia, serif\"><span style=\"font-size: medium\">Sk\u0142adniki: sok z malin 53%, cukier <\/span><\/span><\/span><\/h4>\n<h4><strong><span style=\"color: #1c1e21\"><span style=\"font-family: Georgia, serif\"><span style=\"font-size: medium\">Syrop wi\u015bniowy<\/span><\/span><\/span><\/strong><\/h4>\n<h4><span style=\"color: #1c1e21\"><span style=\"font-family: Georgia, serif\"><span style=\"font-size: medium\">Sk\u0142adniki: sok z wi\u015bni 53%, cukier<\/span><\/span><\/span><\/h4>\n","protected":false},"excerpt":{"rendered":"<p>Do wyboru 12 butelek 500ml spo\u015br\u00f3d 6 smak\u00f3w: Syrop z czarnego bzu Sk\u0142adniki: sok z owoc\u00f3w czarnego bzu (53%), cukier. Syrop pigwowy Sk\u0142adniki: sok z pigwy 60%, cukier. Syrop z czarnej porzeczki Sk\u0142adniki: sok\u00a0 z czarnej porzeczki (53%), cukier (47%). Syrop truskawkowy\u00a0 Sk\u0142adniki: sok z truskawek 58%, cukier Syrop malinowy\u00a0 Sk\u0142adniki: sok z malin 53%, [&hellip;]<\/p>\n","protected":false},"featured_media":1688,"template":"","meta":{"_eb_attr":""},"product_cat":[18],"product_tag":[],"class_list":{"0":"post-1687","1":"product","2":"type-product","3":"status-publish","4":"has-post-thumbnail","6":"product_cat-syropy","8":"first","9":"instock","10":"shipping-taxable","11":"purchasable","12":"product-type-simple"},"_links":{"self":[{"href":"http:\/\/vitberry.emersoft.pl\/wordpress\/wp-json\/wp\/v2\/product\/1687","targetHints":{"allow":["GET"]}}],"collection":[{"href":"http:\/\/vitberry.emersoft.pl\/wordpress\/wp-json\/wp\/v2\/product"}],"about":[{"href":"http:\/\/vitberry.emersoft.pl\/wordpress\/wp-json\/wp\/v2\/types\/product"}],"wp:featuredmedia":[{"embeddable":true,"href":"http:\/\/vitberry.emersoft.pl\/wordpress\/wp-json\/wp\/v2\/media\/1688"}],"wp:attachment":[{"href":"http:\/\/vitberry.emersoft.pl\/wordpress\/wp-json\/wp\/v2\/media?parent=1687"}],"wp:term":[{"taxonomy":"product_cat","embeddable":true,"href":"http:\/\/vitberry.emersoft.pl\/wordpress\/wp-json\/wp\/v2\/product_cat?post=1687"},{"taxonomy":"product_tag","embeddable":true,"href":"http:\/\/vitberry.emersoft.pl\/wordpress\/wp-json\/wp\/v2\/product_tag?post=1687"}],"curies":[{"name":"wp","href":"https:\/\/api.w.org\/{rel}","templated":true}]}}