{"id":1743,"date":"2022-10-27T14:07:23","date_gmt":"2022-10-27T12:07:23","guid":{"rendered":"http:\/\/vitberry.emersoft.pl\/wordpress\/?post_type=product&#038;p=1743"},"modified":"2024-01-14T20:28:44","modified_gmt":"2024-01-14T19:28:44","slug":"zdrowy-mix","status":"publish","type":"product","link":"http:\/\/vitberry.emersoft.pl\/wordpress\/product\/zdrowy-mix\/","title":{"rendered":"Zdrowy MIX 12 butelek"},"content":{"rendered":"<h2>Sok Jab\u0142kowy 100% 250ml:<\/h2>\n<h4>Sk\u0142adniki: sok jab\u0142kowy 100%, przeciwutleniacz \u2013 witamina C<\/h4>\n<p>Naturalny sok jab\u0142kowy 100% t\u0142oczony na zimno z wyselekcjonowanych odmian jab\u0142ek. Orze\u017awiaj\u0105cy smak \u015bwie\u017cych owoc\u00f3w zamkni\u0119ty w butelce. Bogaty w witamin\u0119 C wspiera nasz\u0105 odporno\u015b\u0107. Dzi\u0119ki du\u017cej zawarto\u015bci sk\u0142adnik\u00f3w od\u017cywczych wzmacnia pozytywne samopoczucie i zmniejsza poczucie zm\u0119czenia.<\/p>\n<h2>Sok Grejpfrutowy 100% 250ml:<\/h2>\n<h4>Sk\u0142adniki: sok grejpfrutowy 100%<\/h4>\n<p>To bomba witaminowa wzmacniaj\u0105ca odporno\u015b\u0107 organizmu oraz poprawiaj\u0105ca kondycj\u0119 sk\u00f3ry.<br \/>\nSkutecznie gasi pragnienie i oczyszcza organizm z toksyn.<\/p>\n<h2>Sok Jab\u0142ko- Burak 100% 250ml:<\/h2>\n<h4>Sk\u0142adniki: sok jab\u0142kowy 70%, sok z burak\u00f3w 30%, przeciwutleniacz \u2013 witamina C<\/h4>\n<p>Naturalny sok jab\u0142ko-burak &#8211; wyprodukowany poprzez bezpo\u015brednie t\u0142oczenie \u015bwie\u017cych jab\u0142ek i burak\u00f3w. Po\u0142\u0105czenie smakowe soku z jab\u0142ek oraz soku z buraka stanowi smaczn\u0105 kompozycj\u0119 smakow\u0105 i bogactwo minera\u0142\u00f3w i witamin.<\/p>\n","protected":false},"excerpt":{"rendered":"<h3>Karton 12 butelek 250ml<\/h3>\n<h4>4 butelki ka\u017cdego z trzech smak\u00f3w<\/h4>\n<h5>(bez mo\u017cliwo\u015bci wymiany smak\u00f3w)<\/h5>\n","protected":false},"featured_media":1744,"template":"","meta":{"_eb_attr":""},"product_cat":[22],"product_tag":[],"class_list":{"0":"post-1743","1":"product","2":"type-product","3":"status-publish","4":"has-post-thumbnail","6":"product_cat-soki","8":"first","9":"instock","10":"shipping-taxable","11":"purchasable","12":"product-type-simple"},"_links":{"self":[{"href":"http:\/\/vitberry.emersoft.pl\/wordpress\/wp-json\/wp\/v2\/product\/1743","targetHints":{"allow":["GET"]}}],"collection":[{"href":"http:\/\/vitberry.emersoft.pl\/wordpress\/wp-json\/wp\/v2\/product"}],"about":[{"href":"http:\/\/vitberry.emersoft.pl\/wordpress\/wp-json\/wp\/v2\/types\/product"}],"wp:featuredmedia":[{"embeddable":true,"href":"http:\/\/vitberry.emersoft.pl\/wordpress\/wp-json\/wp\/v2\/media\/1744"}],"wp:attachment":[{"href":"http:\/\/vitberry.emersoft.pl\/wordpress\/wp-json\/wp\/v2\/media?parent=1743"}],"wp:term":[{"taxonomy":"product_cat","embeddable":true,"href":"http:\/\/vitberry.emersoft.pl\/wordpress\/wp-json\/wp\/v2\/product_cat?post=1743"},{"taxonomy":"product_tag","embeddable":true,"href":"http:\/\/vitberry.emersoft.pl\/wordpress\/wp-json\/wp\/v2\/product_tag?post=1743"}],"curies":[{"name":"wp","href":"https:\/\/api.w.org\/{rel}","templated":true}]}}