{"id":2345,"date":"2023-07-24T13:20:39","date_gmt":"2023-07-24T11:20:39","guid":{"rendered":"http:\/\/vitberry.emersoft.pl\/wordpress\/?post_type=product&#038;p=2345"},"modified":"2024-01-14T20:28:44","modified_gmt":"2024-01-14T19:28:44","slug":"sok-jablkowo-marchwiowy-100-12-butelek","status":"publish","type":"product","link":"http:\/\/vitberry.emersoft.pl\/wordpress\/product\/sok-jablkowo-marchwiowy-100-12-butelek\/","title":{"rendered":"Sok Jab\u0142kowo- Marchwiowy 100 % 12 butelek"},"content":{"rendered":"<p><b>Sok Jab\u0142ko Marchew &#8211; Kolorowa Podr\u00f3\u017c Smak\u00f3w dla Twojej Rodziny!<\/b><\/p>\n<p>Przywitaj zdrowie w najsmaczniejszej formie z naszym Sokiem Jab\u0142ko Marchew! To po\u0142\u0105czenie soczystych jab\u0142ek i chrupi\u0105cej marchwi, stworzone z my\u015bl\u0105 o rodzinach z dzie\u0107mi oraz tych, kt\u00f3rzy pragn\u0105 wzbogaci\u0107 swoj\u0105 diet\u0119 smakiem przyjaznym dla zdrowia.<\/p>\n<p><b>Czym nasz sok zachwyca?<\/b><\/p>\n<ul>\n<li><b>Kraina Smaku:<\/b>\u00a0Jab\u0142ka dodaj\u0105 s\u0142odyczy, a marchewka wprowadza chrupko\u015b\u0107. Nasz sok to prawdziwe smakowe uderzenie, kt\u00f3re rozbudzi zmys\u0142y ka\u017cdego cz\u0142onka Twojej rodziny.<\/li>\n<\/ul>\n<ul>\n<li><b>Pe\u0142en Witamin i Antyoksydant\u00f3w:<\/b>\u00a0Jab\u0142ka dostarczaj\u0105 witaminy C, a marchewka bogata jest w beta-karoten. Nasz sok to nie tylko rozkosz dla podniebienia, ale r\u00f3wnie\u017c zdrowy zastrzyk witamin i antyoksydant\u00f3w.<\/li>\n<\/ul>\n<ul>\n<li><b>Naturalny Koloryt:<\/b>\u00a0Odkryj palet\u0119 naturalnych kolor\u00f3w w ka\u017cdym \u0142yku! Nasz sok to nie tylko smak, ale r\u00f3wnie\u017c kolorowa uczta dla zmys\u0142\u00f3w, sprawiaj\u0105ca, \u017ce picie soku staje si\u0119 przyjemno\u015bci\u0105.<\/li>\n<\/ul>\n<ul>\n<li><b>Bez Dodatku Cukru:<\/b>\u00a0Dbamy o Twoje zdrowie! Nasz sok nie zawiera sztucznych dodatk\u00f3w ani nadmiaru cukru. To czysta przyjemno\u015b\u0107 smaku bez zb\u0119dnych kalorii.<\/li>\n<\/ul>\n<ul>\n<li><b>Zdrowy Nawyk dla Dzieci:<\/b>\u00a0Daj swoim dzieciom pyszny pow\u00f3d do picia zdrowych napoj\u00f3w! Nasz Sok Jab\u0142ko Marchew to idealny spos\u00f3b, by wprowadzi\u0107 do ich diety smaczne witaminy.<\/li>\n<\/ul>\n<ul>\n<li><b>Doskona\u0142y na Ka\u017cd\u0105 Okazj\u0119:<\/b>\u00a0\u015aniadanie, lunch, czy popo\u0142udniowa przek\u0105ska &#8211; nasz sok sprawdzi si\u0119 zawsze. Podkre\u015bl smaki codziennych chwil i ciesz si\u0119 zdrowiem razem z nami!<\/li>\n<\/ul>\n<p>Odkryj tajemnic\u0119 pysznego zdrowia w ka\u017cdym kubku. Sok Jab\u0142ko Marchew to nie tylko nap\u00f3j &#8211; to kropla pe\u0142na rado\u015bci, zdrowia i smaku, kt\u00f3r\u0105 mo\u017cesz podzieli\u0107 si\u0119 ze swoj\u0105 rodzin\u0105!<\/p>\n","protected":false},"excerpt":{"rendered":"<h3>Karton 12 butelek 250ml<\/h3>\n<p>Sk\u0142adniki: sok z jab\u0142kowy 67%, sok marchwiowy 33%, przeciwutleniacz &#8211; witamina C (kwas askorbinowy)<\/p>\n","protected":false},"featured_media":2346,"template":"","meta":{"_eb_attr":""},"product_cat":[22],"product_tag":[],"class_list":{"0":"post-2345","1":"product","2":"type-product","3":"status-publish","4":"has-post-thumbnail","6":"product_cat-soki","8":"first","9":"instock","10":"shipping-taxable","11":"purchasable","12":"product-type-simple"},"_links":{"self":[{"href":"http:\/\/vitberry.emersoft.pl\/wordpress\/wp-json\/wp\/v2\/product\/2345","targetHints":{"allow":["GET"]}}],"collection":[{"href":"http:\/\/vitberry.emersoft.pl\/wordpress\/wp-json\/wp\/v2\/product"}],"about":[{"href":"http:\/\/vitberry.emersoft.pl\/wordpress\/wp-json\/wp\/v2\/types\/product"}],"wp:featuredmedia":[{"embeddable":true,"href":"http:\/\/vitberry.emersoft.pl\/wordpress\/wp-json\/wp\/v2\/media\/2346"}],"wp:attachment":[{"href":"http:\/\/vitberry.emersoft.pl\/wordpress\/wp-json\/wp\/v2\/media?parent=2345"}],"wp:term":[{"taxonomy":"product_cat","embeddable":true,"href":"http:\/\/vitberry.emersoft.pl\/wordpress\/wp-json\/wp\/v2\/product_cat?post=2345"},{"taxonomy":"product_tag","embeddable":true,"href":"http:\/\/vitberry.emersoft.pl\/wordpress\/wp-json\/wp\/v2\/product_tag?post=2345"}],"curies":[{"name":"wp","href":"https:\/\/api.w.org\/{rel}","templated":true}]}}