{"id":2347,"date":"2023-07-24T13:26:39","date_gmt":"2023-07-24T11:26:39","guid":{"rendered":"http:\/\/vitberry.emersoft.pl\/wordpress\/?post_type=product&#038;p=2347"},"modified":"2024-01-14T20:28:44","modified_gmt":"2024-01-14T19:28:44","slug":"sok-jablko-marakuja-100-12-butelek","status":"publish","type":"product","link":"http:\/\/vitberry.emersoft.pl\/wordpress\/product\/sok-jablko-marakuja-100-12-butelek\/","title":{"rendered":"Sok Jab\u0142ko- Marakuja 100 % 12 butelek"},"content":{"rendered":"<p><b>Sok Jab\u0142ko Marakuja &#8211; Rajskie Po\u0142\u0105czenie Smak\u00f3w dla Twojej Rodziny!<\/b><\/p>\n<p>Otw\u00f3rz drzwi do \u015bwiata pysznego i zdrowego smaku z Sokiem Vitberry Jab\u0142ko Marakuja! To niezwyk\u0142e po\u0142\u0105czenie soczystych jab\u0142ek i tropikalnej marakui stworzone zosta\u0142o dla doros\u0142ych, dzieci, a tak\u017ce tych, kt\u00f3rzy pragn\u0105 cieszy\u0107 si\u0119 smakiem bez kompromis\u00f3w dla zdrowia.<\/p>\n<p><b>Czym wyr\u00f3\u017cnia si\u0119 nasz sok?<\/b><\/p>\n<ul>\n<li><b>Powiew Natury:<\/b>\u00a0Pe\u0142en naturalnych smak\u00f3w bez dodatku sztucznych substancji. Otw\u00f3rz butelk\u0119 i poczuj pe\u0142ni\u0119 smaku, jednocze\u015bnie dostarczaj\u0105c niezb\u0119dne warto\u015bci od\u017cywcze.<\/li>\n<\/ul>\n<ul>\n<li><b>Bogactwo Witamin:<\/b>\u00a0Jab\u0142ka dostarczaj\u0105 witaminy C, a marakuja obfituje w antyoksydanty. Nasz sok to wi\u0119c prawdziwa bomba witaminowa, wspieraj\u0105ca zdrow\u0105 odporno\u015b\u0107 i energi\u0119 dla Twojej rodziny.<\/li>\n<\/ul>\n<ul>\n<li><b>Dla Maluch\u00f3w i Doros\u0142ych:<\/b>\u00a0Niech Twoje dzieci zakochaj\u0105 si\u0119 w smaku zdrowego \u017cycia! Nasz Sok Jab\u0142ko Marakuja to doskona\u0142a alternatywa dla s\u0142odzonych napoj\u00f3w, zaspokajaj\u0105c pragnienie smaku, bez zb\u0119dnych kalorii.<\/li>\n<\/ul>\n<ul>\n<li><b>Bez Dodatku Cukru:<\/b>\u00a0Dbamy o Twoje zdrowie! Nasz sok nie zawiera dodatku cukru &#8211; smak s\u0142odyczy pochodzi wy\u0142\u0105cznie z naturalnych sk\u0142adnik\u00f3w owoc\u00f3w.<\/li>\n<\/ul>\n<ul>\n<li><b>Idealny na Ka\u017cd\u0105 Okazj\u0119:<\/b>\u00a0Czy to \u015bniadanie, popo\u0142udniowy relaks czy uroczysta kolacja &#8211; nasz sok doskonale sprawdzi si\u0119 na ka\u017cdym stole, dodaj\u0105c rado\u015b\u0107 i smakowite doznania.<\/li>\n<\/ul>\n<p>Odkryj, jak zdrowy styl \u017cycia mo\u017ce by\u0107 r\u00f3wnocze\u015bnie pyszny i przyjemny. Sok Jab\u0142ko Marakuja to nie tylko nap\u00f3j &#8211; to kropla tropikalnej przyjemno\u015bci w Twoim codziennym \u017cyciu!<\/p>\n","protected":false},"excerpt":{"rendered":"<h3>Karton 12 butelek 250ml<\/h3>\n<p>Sk\u0142adniki: sok jab\u0142kowy 85 %, przecier z marakui 15%, przeciwutleniacz-witamina C (kwas askorbinowy).<\/p>\n","protected":false},"featured_media":2348,"template":"","meta":{"_eb_attr":""},"product_cat":[22],"product_tag":[],"class_list":{"0":"post-2347","1":"product","2":"type-product","3":"status-publish","4":"has-post-thumbnail","6":"product_cat-soki","8":"first","9":"instock","10":"shipping-taxable","11":"purchasable","12":"product-type-simple"},"_links":{"self":[{"href":"http:\/\/vitberry.emersoft.pl\/wordpress\/wp-json\/wp\/v2\/product\/2347","targetHints":{"allow":["GET"]}}],"collection":[{"href":"http:\/\/vitberry.emersoft.pl\/wordpress\/wp-json\/wp\/v2\/product"}],"about":[{"href":"http:\/\/vitberry.emersoft.pl\/wordpress\/wp-json\/wp\/v2\/types\/product"}],"wp:featuredmedia":[{"embeddable":true,"href":"http:\/\/vitberry.emersoft.pl\/wordpress\/wp-json\/wp\/v2\/media\/2348"}],"wp:attachment":[{"href":"http:\/\/vitberry.emersoft.pl\/wordpress\/wp-json\/wp\/v2\/media?parent=2347"}],"wp:term":[{"taxonomy":"product_cat","embeddable":true,"href":"http:\/\/vitberry.emersoft.pl\/wordpress\/wp-json\/wp\/v2\/product_cat?post=2347"},{"taxonomy":"product_tag","embeddable":true,"href":"http:\/\/vitberry.emersoft.pl\/wordpress\/wp-json\/wp\/v2\/product_tag?post=2347"}],"curies":[{"name":"wp","href":"https:\/\/api.w.org\/{rel}","templated":true}]}}