{"id":2534,"date":"2023-11-30T08:19:27","date_gmt":"2023-11-30T07:19:27","guid":{"rendered":"http:\/\/vitberry.emersoft.pl\/wordpress\/?post_type=product&#038;p=2534"},"modified":"2024-01-14T20:28:45","modified_gmt":"2024-01-14T19:28:45","slug":"sok-jablko-burak-3-l","status":"publish","type":"product","link":"http:\/\/vitberry.emersoft.pl\/wordpress\/product\/sok-jablko-burak-3-l\/","title":{"rendered":"Sok Jab\u0142ko- Burak 100% 3l"},"content":{"rendered":"<p><b>Sok Jab\u0142ko-Burak &#8211; Kolorowa Nuta Zdrowia dla Ca\u0142ej Rodziny!<\/b><\/p>\n<p>Wprowad\u017a do swojego \u017cycia harmoni\u0119 smak\u00f3w i zdrowia, si\u0119gaj\u0105c po Sok Vitberry Jab\u0142ko-Burak! To unikalne po\u0142\u0105czenie soczystych jab\u0142ek i chrupi\u0105cych burak\u00f3w stworzone z my\u015bl\u0105 o ca\u0142ej rodzinie, od najm\u0142odszych po tych, kt\u00f3rzy dbaj\u0105 o zdrowy tryb \u017cycia.<\/p>\n<p><b>Dlaczego nasz sok z jab\u0142ka i buraka zas\u0142uguje na Twoj\u0105 uwag\u0119?<\/b><\/p>\n<ul>\n<li><b>Smakowe Tango Jab\u0142ka i Buraka:<\/b>\u00a0W jednym \u0142yku poczuj koncert smak\u00f3w! Soczyste jab\u0142ka \u0142\u0105cz\u0105 si\u0119 z chrupi\u0105cymi burakami, tworz\u0105c harmonijn\u0105 symfoni\u0119, kt\u00f3ra zaskoczy Twoje podniebienie.<\/li>\n<li><b>Witaminy z Jab\u0142ek i Burak\u00f3w:<\/b>\u00a0Jab\u0142ka dostarczaj\u0105 witaminy C, a buraki s\u0105 bogate w \u017celazo i foliany. Nasz sok to nie tylko przyjemno\u015b\u0107 dla zmys\u0142\u00f3w, ale tak\u017ce zdrowy zastrzyk witamin i minera\u0142\u00f3w.<\/li>\n<li><b>Bez Dodatku Sztucznego Cukru:<\/b>\u00a0Dbamy o Twoje zdrowie! Nasz sok nie zawiera sztucznego cukru ani innych dodatk\u00f3w &#8211; to czysta rado\u015b\u0107 smaku bez zb\u0119dnych kalorii.<\/li>\n<li><b>Dla Maluch\u00f3w i Doros\u0142ych:<\/b>\u00a0Sok Jab\u0142ko-Burak to smak, kt\u00f3ry \u0142\u0105czy pokolenia! Dzieci polubi\u0105 kolorowy nap\u00f3j, a doro\u015bli doceni\u0105 korzy\u015bci zdrowotne p\u0142yn\u0105ce z obecno\u015bci obu tych pysznych sk\u0142adnik\u00f3w.<\/li>\n<li><b>Uniwersalny na Ka\u017cd\u0105 Okazj\u0119:<\/b>\u00a0\u015aniadanie, obiad czy kolacja &#8211; nasz sok zawsze doda odrobin\u0119 zdrowej \u015bwie\u017co\u015bci do ka\u017cdej chwili, tworz\u0105c kolorowy akcent na Twoim stole.<\/li>\n<\/ul>\n<p>Przywo\u0142aj kolor i smak do swojego \u017cycia! Sok Jab\u0142ko-Burak to nie tylko nap\u00f3j, to kropla zdrowia i przyjemno\u015bci, kt\u00f3r\u0105 mo\u017cesz podzieli\u0107 si\u0119 z ca\u0142ym domem. Odkryj rado\u015b\u0107 w ka\u017cdym \u0142yku!<\/p>\n","protected":false},"excerpt":{"rendered":"<h4><strong>Najni\u017csza cena z ostatnich 30 dni &#8211; 18.00 z\u0142<\/strong><\/h4>\n<h3>Oryginalny Karton 3l<\/h3>\n<p>Sk\u0142adniki:\u00a0 sok jab\u0142kowy 70%, sok z burak\u00f3w \u0107wik\u0142owych 30%, przeciwutleniacz \u2013 witamina C<\/p>\n","protected":false},"featured_media":2535,"template":"","meta":{"_eb_attr":""},"product_cat":[22],"product_tag":[],"class_list":{"0":"post-2534","1":"product","2":"type-product","3":"status-publish","4":"has-post-thumbnail","6":"product_cat-soki","8":"first","9":"instock","10":"shipping-taxable","11":"purchasable","12":"product-type-simple"},"_links":{"self":[{"href":"http:\/\/vitberry.emersoft.pl\/wordpress\/wp-json\/wp\/v2\/product\/2534","targetHints":{"allow":["GET"]}}],"collection":[{"href":"http:\/\/vitberry.emersoft.pl\/wordpress\/wp-json\/wp\/v2\/product"}],"about":[{"href":"http:\/\/vitberry.emersoft.pl\/wordpress\/wp-json\/wp\/v2\/types\/product"}],"wp:featuredmedia":[{"embeddable":true,"href":"http:\/\/vitberry.emersoft.pl\/wordpress\/wp-json\/wp\/v2\/media\/2535"}],"wp:attachment":[{"href":"http:\/\/vitberry.emersoft.pl\/wordpress\/wp-json\/wp\/v2\/media?parent=2534"}],"wp:term":[{"taxonomy":"product_cat","embeddable":true,"href":"http:\/\/vitberry.emersoft.pl\/wordpress\/wp-json\/wp\/v2\/product_cat?post=2534"},{"taxonomy":"product_tag","embeddable":true,"href":"http:\/\/vitberry.emersoft.pl\/wordpress\/wp-json\/wp\/v2\/product_tag?post=2534"}],"curies":[{"name":"wp","href":"https:\/\/api.w.org\/{rel}","templated":true}]}}