{"id":2566,"date":"2023-12-02T21:42:15","date_gmt":"2023-12-02T20:42:15","guid":{"rendered":"http:\/\/vitberry.emersoft.pl\/wordpress\/?post_type=product&#038;p=2566"},"modified":"2024-01-14T20:28:45","modified_gmt":"2024-01-14T19:28:45","slug":"sok-pomaranczowy-100-3l","status":"publish","type":"product","link":"http:\/\/vitberry.emersoft.pl\/wordpress\/product\/sok-pomaranczowy-100-3l\/","title":{"rendered":"Sok Pomara\u0144czowy 100% 3l"},"content":{"rendered":"<p><b>Sok Pomara\u0144czowy &#8211; Nuta S\u0142odkiego S\u0142o\u0144ca w Ka\u017cdym \u0141yku!<\/b><\/p>\n<p>Otw\u00f3rz butelk\u0119 pe\u0142n\u0105 promieni s\u0142onecznych i zdrowego smaku z naszym Pomara\u0144czowym Sokiem Vitberry! To orze\u017awiaj\u0105ce i soczyste do\u015bwiadczenie stworzone z my\u015bl\u0105 o rodzinach z dzie\u0107mi i tych, kt\u00f3rzy pragn\u0105 cieszy\u0107 si\u0119 pysznym smakiem, nie rezygnuj\u0105c z zdrowego trybu \u017cycia.<\/p>\n<p><b>Dlaczego nasz sok pomara\u0144czowy jest wyj\u0105tkowy?<\/b><\/p>\n<ul>\n<li><b>S\u0142oneczna Energia Pomara\u0144czy:<\/b>\u00a0Ka\u017cdy \u0142yk to jak promie\u0144 s\u0142oneczny na Twoim podniebieniu! Soczyste pomara\u0144cze w naszym soku to prawdziwa eksplozja energii i \u015bwie\u017co\u015bci, kt\u00f3ra roz\u015bwietli ka\u017cdy dzie\u0144.<\/li>\n<\/ul>\n<ul>\n<li><b>Witamina C na Wyci\u0105gni\u0119cie R\u0119ki:<\/b>\u00a0Pomara\u0144cze s\u0105 bogatym \u017ar\u00f3d\u0142em witaminy C, wspieraj\u0105c zdrow\u0105 odporno\u015b\u0107. Nasz sok to nie tylko smaczna przyjemno\u015b\u0107, ale tak\u017ce \u0142atwy spos\u00f3b na dostarczenie organizmowi korzystnych sk\u0142adnik\u00f3w.<\/li>\n<\/ul>\n<ul>\n<li><b>Bez Dodatku Sztucznego Cukru:<\/b>\u00a0Dbamy o zdrowie Twoje i Twojej rodziny! Nasz sok nie zawiera sztucznego cukru ani zb\u0119dnych dodatk\u00f3w, co sprawia, \u017ce ka\u017cdy \u0142yk to czysta rado\u015b\u0107 bez obci\u0105\u017cenia kaloriami.<\/li>\n<\/ul>\n<ul>\n<li><b>Dla Maluch\u00f3w i Doros\u0142ych:<\/b>\u00a0Sok Pomara\u0144czowy to nie tylko nap\u00f3j, to festiwal smaku dla ca\u0142ej rodziny! Dzieci uwielbiaj\u0105 jego s\u0142odycz, a doro\u015bli doceniaj\u0105 naturalny smak pomara\u0144czy.<\/li>\n<\/ul>\n<ul>\n<li><b>Uniwersalny na Ka\u017cd\u0105 Okazj\u0119:<\/b>\u00a0\u015aniadanie, popo\u0142udniowy relaks czy wizyta przy stole &#8211; nasz sok zawsze sprawdzi si\u0119 doskonale, dodaj\u0105c odrobin\u0119 s\u0142o\u0144ca do ka\u017cdej chwili.<\/li>\n<\/ul>\n<p>Przywo\u0142aj smak s\u0142odkiego s\u0142o\u0144ca do swojego \u017cycia! Sok Pomara\u0144czowy to nie tylko nap\u00f3j, to kropla rze\u015bko\u015bci i witamin, kt\u00f3r\u0105 mo\u017cesz podzieli\u0107 si\u0119 z ca\u0142ym domem. Odkryj rado\u015b\u0107 w ka\u017cdej szklance!<\/p>\n","protected":false},"excerpt":{"rendered":"<p>Sok w worku z kranikiem 3l. W zestawie \u015bwi\u0105teczny kartonik.<\/p>\n<p>Sk\u0142adniki: Sok pomara\u0144czowy NFC 100%.<\/p>\n","protected":false},"featured_media":2567,"template":"","meta":{"_eb_attr":""},"product_cat":[22],"product_tag":[],"class_list":{"0":"post-2566","1":"product","2":"type-product","3":"status-publish","4":"has-post-thumbnail","6":"product_cat-soki","8":"first","9":"instock","10":"shipping-taxable","11":"purchasable","12":"product-type-simple"},"_links":{"self":[{"href":"http:\/\/vitberry.emersoft.pl\/wordpress\/wp-json\/wp\/v2\/product\/2566","targetHints":{"allow":["GET"]}}],"collection":[{"href":"http:\/\/vitberry.emersoft.pl\/wordpress\/wp-json\/wp\/v2\/product"}],"about":[{"href":"http:\/\/vitberry.emersoft.pl\/wordpress\/wp-json\/wp\/v2\/types\/product"}],"wp:featuredmedia":[{"embeddable":true,"href":"http:\/\/vitberry.emersoft.pl\/wordpress\/wp-json\/wp\/v2\/media\/2567"}],"wp:attachment":[{"href":"http:\/\/vitberry.emersoft.pl\/wordpress\/wp-json\/wp\/v2\/media?parent=2566"}],"wp:term":[{"taxonomy":"product_cat","embeddable":true,"href":"http:\/\/vitberry.emersoft.pl\/wordpress\/wp-json\/wp\/v2\/product_cat?post=2566"},{"taxonomy":"product_tag","embeddable":true,"href":"http:\/\/vitberry.emersoft.pl\/wordpress\/wp-json\/wp\/v2\/product_tag?post=2566"}],"curies":[{"name":"wp","href":"https:\/\/api.w.org\/{rel}","templated":true}]}}