{"id":2572,"date":"2023-12-02T21:48:51","date_gmt":"2023-12-02T20:48:51","guid":{"rendered":"http:\/\/vitberry.emersoft.pl\/wordpress\/?post_type=product&#038;p=2572"},"modified":"2024-01-14T20:28:46","modified_gmt":"2024-01-14T19:28:46","slug":"sok-mandarynkowy-100-3l","status":"publish","type":"product","link":"http:\/\/vitberry.emersoft.pl\/wordpress\/product\/sok-mandarynkowy-100-3l\/","title":{"rendered":"Sok Mandarynkowy 100% 3l"},"content":{"rendered":"<p><b>Sok Mandarynkowy &#8211; S\u0142oneczna Oran\u017cada Zdrowia dla Twojej Rodziny!<\/b><\/p>\n<p>Roz\u015bwietl swoje dni smakiem i witaminami, si\u0119gaj\u0105c po Mandarynkowy Sok Vitberry! To orze\u017awiaj\u0105ce po\u0142\u0105czenie soczystych mandarynek, stworzone z my\u015bl\u0105 o ca\u0142ej rodzinie, zar\u00f3wno dla najm\u0142odszych, jak i tych, kt\u00f3rzy ceni\u0105 sobie zdrowy styl \u017cycia.<\/p>\n<p><b>Dlaczego nasz sok z mandarynek jest wyj\u0105tkowy?<\/b><\/p>\n<ul>\n<li><b>S\u0142oneczna Eksplozja Smaku:<\/b>\u00a0Mandarynki, pe\u0142ne s\u0142odkiego soczystego smaku, to jak promyk s\u0142oneczny w ka\u017cdym \u0142yku. Nasz sok to prawdziwa eksplozja pe\u0142ni smaku z wyselekcjonowanych s\u0142odkich mandarynek, kt\u00f3re rozpromieni\u0105 nawet najbardziej szare dni.<\/li>\n<\/ul>\n<ul>\n<li><b>Witaminowy Zastrzyk Energii:<\/b>\u00a0Mandarynki s\u0105 bogate w witamin\u0119 C, wspieraj\u0105c naturaln\u0105 odporno\u015b\u0107 organizmu. Nasz sok to nie tylko pyszny nap\u00f3j, ale tak\u017ce zdrowy spos\u00f3b na dostarczenie organizmowi niezb\u0119dnych witamin.<\/li>\n<\/ul>\n<ul>\n<li><b>Naturalny Brak Dodatku Cukru:<\/b>\u00a0Dbamy o Twoje zdrowie! Nasz sok mandarynkowy nie zawiera dodatku sztucznego cukru ani zb\u0119dnych konserwant\u00f3w, co sprawia, \u017ce mo\u017cesz cieszy\u0107 si\u0119 smakiem bez wyrzut\u00f3w sumienia.<\/li>\n<\/ul>\n<ul>\n<li><b>Dla Maluch\u00f3w i Dla Ciebie:<\/b>\u00a0Idealny dla ca\u0142ej rodziny! Dzieci pokochaj\u0105 s\u0142odki smak, a doro\u015bli doceni\u0105 zdrowe korzy\u015bci p\u0142yn\u0105ce z tego owocowego raju. Sok Mandarynkowy to smak, kt\u00f3ry \u0142\u0105czy pokolenia.<\/li>\n<\/ul>\n<ul>\n<li><b>Uniwersalny na Ka\u017cd\u0105 Okazj\u0119:<\/b>\u00a0\u015aniadanie, deser czy orze\u017awiaj\u0105cy nap\u00f3j podczas pikniku &#8211; nasz sok doskonale sprawdzi si\u0119 w ka\u017cdym z tych przypadk\u00f3w, dodaj\u0105c koloru i rado\u015bci.<\/li>\n<\/ul>\n<p>Przywitaj si\u0119 z rado\u015bci\u0105 zdrowego smaku! Sok Mandarynkowy to nie tylko nap\u00f3j, to kropla soczystej przyjemno\u015bci, kt\u00f3r\u0105 mo\u017cesz podzieli\u0107 si\u0119 z ca\u0142ym domem. Odkryj s\u0142o\u0144ce w ka\u017cdym \u0142yku!<\/p>\n","protected":false},"excerpt":{"rendered":"<p>Sok w worku z kranikiem 3l. W zestawie \u015bwi\u0105teczny kartonik.<\/p>\n<p>Sk\u0142adniki: Sok mandarynkowy NFC 100%.<\/p>\n","protected":false},"featured_media":2573,"template":"","meta":{"_eb_attr":""},"product_cat":[22],"product_tag":[],"class_list":{"0":"post-2572","1":"product","2":"type-product","3":"status-publish","4":"has-post-thumbnail","6":"product_cat-soki","8":"first","9":"instock","10":"shipping-taxable","11":"purchasable","12":"product-type-simple"},"_links":{"self":[{"href":"http:\/\/vitberry.emersoft.pl\/wordpress\/wp-json\/wp\/v2\/product\/2572","targetHints":{"allow":["GET"]}}],"collection":[{"href":"http:\/\/vitberry.emersoft.pl\/wordpress\/wp-json\/wp\/v2\/product"}],"about":[{"href":"http:\/\/vitberry.emersoft.pl\/wordpress\/wp-json\/wp\/v2\/types\/product"}],"wp:featuredmedia":[{"embeddable":true,"href":"http:\/\/vitberry.emersoft.pl\/wordpress\/wp-json\/wp\/v2\/media\/2573"}],"wp:attachment":[{"href":"http:\/\/vitberry.emersoft.pl\/wordpress\/wp-json\/wp\/v2\/media?parent=2572"}],"wp:term":[{"taxonomy":"product_cat","embeddable":true,"href":"http:\/\/vitberry.emersoft.pl\/wordpress\/wp-json\/wp\/v2\/product_cat?post=2572"},{"taxonomy":"product_tag","embeddable":true,"href":"http:\/\/vitberry.emersoft.pl\/wordpress\/wp-json\/wp\/v2\/product_tag?post=2572"}],"curies":[{"name":"wp","href":"https:\/\/api.w.org\/{rel}","templated":true}]}}