{"id":2574,"date":"2023-12-02T21:55:20","date_gmt":"2023-12-02T20:55:20","guid":{"rendered":"http:\/\/vitberry.emersoft.pl\/wordpress\/?post_type=product&#038;p=2574"},"modified":"2024-01-14T20:28:46","modified_gmt":"2024-01-14T19:28:46","slug":"sok-jablkowo-brzoskwiniowy-100-3l","status":"publish","type":"product","link":"http:\/\/vitberry.emersoft.pl\/wordpress\/product\/sok-jablkowo-brzoskwiniowy-100-3l\/","title":{"rendered":"Sok Jab\u0142kowo- Brzoskwiniowy 100% 3l"},"content":{"rendered":"<p><b>Sok Jab\u0142ko Brzoskwinia &#8211; Harmonia Smaku, Zdrowia i S\u0142odyczy dla Rodziny!<\/b><\/p>\n<p>Zapraszamy do smakowej podr\u00f3\u017cy z pysznym Sokiem Vitberry Jab\u0142ko Brzoskwinia! To wyj\u0105tkowe po\u0142\u0105czenie soczystych jab\u0142ek i s\u0142odkich brzoskwi\u0144, stworzone z my\u015bl\u0105 o ca\u0142ych rodzinach, dzieciach i tych, kt\u00f3rzy pragn\u0105 zanurzy\u0107 si\u0119 w pe\u0142ni smaku, jednocze\u015bnie dbaj\u0105c o zdrowy tryb \u017cycia.<\/p>\n<p><b>Czym zachwyca nasz sok?<\/b><\/p>\n<ul>\n<li><b>Symfonia Delikatno\u015bci:<\/b>\u00a0Jab\u0142ka dodaj\u0105 soczysto\u015bci, a brzoskwinie wprowadzaj\u0105 s\u0142odki akcent. Nasz sok to prawdziwa symfonia delikatno\u015bci, kt\u00f3ra dostarczy rado\u015b\u0107 ka\u017cdemu podniebieniu, od najm\u0142odszych do najstarszych cz\u0142onk\u00f3w rodziny.<\/li>\n<\/ul>\n<ul>\n<li><b>Bogactwo Witamin i Minera\u0142\u00f3w:<\/b>\u00a0Jab\u0142ka dostarczaj\u0105 witaminy C, a brzoskwinie s\u0105 \u017ar\u00f3d\u0142em witamin A, C oraz b\u0142onnika. Nasz sok to doskona\u0142y spos\u00f3b na wzmocnienie zdrowia, dostarczaj\u0105c nie tylko pysznego smaku, ale tak\u017ce cennych sk\u0142adnik\u00f3w od\u017cywczych.<\/li>\n<\/ul>\n<ul>\n<li><b>Naturalna S\u0142odycz Bez Cukru:<\/b>\u00a0Dbamy o Twoje zdrowie! Nasz sok nie zawiera dodatku sztucznego cukru, to naturalna s\u0142odycz pochodz\u0105ca wy\u0142\u0105cznie z owoc\u00f3w. Doskona\u0142y wyb\u00f3r dla tych, kt\u00f3rzy chc\u0105 cieszy\u0107 si\u0119 smakiem bez dodatkowej s\u0142odyczy.<\/li>\n<\/ul>\n<ul>\n<li><b>Dla Maluch\u00f3w i Doros\u0142ych:<\/b>\u00a0Nasz Sok Jab\u0142ko Brzoskwinia to \u015bwietna propozycja dla ca\u0142ej rodziny. Dzieci pokochaj\u0105 jego s\u0142odki smak, a doro\u015bli doceni\u0105 zdrowe korzy\u015bci p\u0142yn\u0105ce z ka\u017cdego \u0142yka.<\/li>\n<\/ul>\n<ul>\n<li><b>Uniwersalny na Ka\u017cd\u0105 Okazj\u0119:<\/b>\u00a0\u015aniadanie, obiad, czy piknik &#8211; nasz sok doskonale sprawdzi si\u0119 na ka\u017cdym stole, dodaj\u0105c nut\u0119 rze\u015bko\u015bci i smakowej rozkoszy.<\/li>\n<\/ul>\n<p>Odkryj, jak smaczne mo\u017ce by\u0107 zdrowe \u017cycie! Sok Vitberry Jab\u0142ko Brzoskwinia to nie tylko nap\u00f3j, to chwila pe\u0142na smaku i witamin, kt\u00f3r\u0105 mo\u017cesz podzieli\u0107 si\u0119 z ca\u0142ym domem. Razem z nami do\u015bwiadcz harmonii smaku i zdrowego stylu \u017cycia!<\/p>\n","protected":false},"excerpt":{"rendered":"<p>Sok w worku z kranikiem 3l. W zestawie \u015bwi\u0105teczny kartonik.<\/p>\n<p>Sk\u0142adniki: sok jab\u0142kowy 80%, przecier brzoskwiniowy 20%, przeciwutleniacz &#8211; witamina C (kwas askorbinowy)<\/p>\n","protected":false},"featured_media":2575,"template":"","meta":{"_eb_attr":""},"product_cat":[22],"product_tag":[],"class_list":{"0":"post-2574","1":"product","2":"type-product","3":"status-publish","4":"has-post-thumbnail","6":"product_cat-soki","8":"first","9":"instock","10":"shipping-taxable","11":"purchasable","12":"product-type-simple"},"_links":{"self":[{"href":"http:\/\/vitberry.emersoft.pl\/wordpress\/wp-json\/wp\/v2\/product\/2574","targetHints":{"allow":["GET"]}}],"collection":[{"href":"http:\/\/vitberry.emersoft.pl\/wordpress\/wp-json\/wp\/v2\/product"}],"about":[{"href":"http:\/\/vitberry.emersoft.pl\/wordpress\/wp-json\/wp\/v2\/types\/product"}],"wp:featuredmedia":[{"embeddable":true,"href":"http:\/\/vitberry.emersoft.pl\/wordpress\/wp-json\/wp\/v2\/media\/2575"}],"wp:attachment":[{"href":"http:\/\/vitberry.emersoft.pl\/wordpress\/wp-json\/wp\/v2\/media?parent=2574"}],"wp:term":[{"taxonomy":"product_cat","embeddable":true,"href":"http:\/\/vitberry.emersoft.pl\/wordpress\/wp-json\/wp\/v2\/product_cat?post=2574"},{"taxonomy":"product_tag","embeddable":true,"href":"http:\/\/vitberry.emersoft.pl\/wordpress\/wp-json\/wp\/v2\/product_tag?post=2574"}],"curies":[{"name":"wp","href":"https:\/\/api.w.org\/{rel}","templated":true}]}}