{"id":411,"date":"2021-01-11T08:17:52","date_gmt":"2021-01-11T07:17:52","guid":{"rendered":"http:\/\/vitberry.emersoft.pl\/wordpress\/?post_type=product&#038;p=411"},"modified":"2024-01-14T20:28:38","modified_gmt":"2024-01-14T19:28:38","slug":"sok-jablkowy-100-12-butelek","status":"publish","type":"product","link":"http:\/\/vitberry.emersoft.pl\/wordpress\/product\/sok-jablkowy-100-12-butelek\/","title":{"rendered":"Sok Jab\u0142kowy 100% 12 butelek"},"content":{"rendered":"<p>Naturalny sok jab\u0142kowy 100% t\u0142oczony na zimno z wyselekcjonowanych odmian jab\u0142ek. Orze\u017awiaj\u0105cy smak \u015bwie\u017cych owoc\u00f3w zamkni\u0119ty w butelce. Bogaty w witamin\u0119 C wspiera nasz\u0105 odporno\u015b\u0107. Dzi\u0119ki du\u017cej zawarto\u015bci sk\u0142adnik\u00f3w od\u017cywczych wzmacnia pozytywne samopoczucie i zmniejsza poczucie zm\u0119czenia.<\/p>\n","protected":false},"excerpt":{"rendered":"<h3>Karton 12 butelek 250ml<\/h3>\n<p>Sk\u0142adniki: Sok jab\u0142kowy 100%, przeciwutleniacz \u2013 witamina C<\/p>\n","protected":false},"featured_media":412,"template":"","meta":{"_eb_attr":""},"product_cat":[22],"product_tag":[23,24],"class_list":{"0":"post-411","1":"product","2":"type-product","3":"status-publish","4":"has-post-thumbnail","6":"product_cat-soki","7":"product_tag-jablko","8":"product_tag-sok-jablkowy","10":"first","11":"instock","12":"shipping-taxable","13":"purchasable","14":"product-type-simple"},"_links":{"self":[{"href":"http:\/\/vitberry.emersoft.pl\/wordpress\/wp-json\/wp\/v2\/product\/411","targetHints":{"allow":["GET"]}}],"collection":[{"href":"http:\/\/vitberry.emersoft.pl\/wordpress\/wp-json\/wp\/v2\/product"}],"about":[{"href":"http:\/\/vitberry.emersoft.pl\/wordpress\/wp-json\/wp\/v2\/types\/product"}],"wp:featuredmedia":[{"embeddable":true,"href":"http:\/\/vitberry.emersoft.pl\/wordpress\/wp-json\/wp\/v2\/media\/412"}],"wp:attachment":[{"href":"http:\/\/vitberry.emersoft.pl\/wordpress\/wp-json\/wp\/v2\/media?parent=411"}],"wp:term":[{"taxonomy":"product_cat","embeddable":true,"href":"http:\/\/vitberry.emersoft.pl\/wordpress\/wp-json\/wp\/v2\/product_cat?post=411"},{"taxonomy":"product_tag","embeddable":true,"href":"http:\/\/vitberry.emersoft.pl\/wordpress\/wp-json\/wp\/v2\/product_tag?post=411"}],"curies":[{"name":"wp","href":"https:\/\/api.w.org\/{rel}","templated":true}]}}