{"id":414,"date":"2021-01-11T20:34:18","date_gmt":"2021-01-11T19:34:18","guid":{"rendered":"http:\/\/vitberry.emersoft.pl\/wordpress\/?post_type=product&#038;p=414"},"modified":"2024-01-14T20:28:38","modified_gmt":"2024-01-14T19:28:38","slug":"soki-12-butelek-250ml-mix","status":"publish","type":"product","link":"http:\/\/vitberry.emersoft.pl\/wordpress\/product\/soki-12-butelek-250ml-mix\/","title":{"rendered":"Soki 12 butelek 250ml mix"},"content":{"rendered":"<h2>Sok Ananasowy:<\/h2>\n<h4>Sk\u0142adniki: Sok z ananas\u00f3w 100%<\/h4>\n<p>Naturalny sok ananasowy t\u0142oczony na zimno z dojrza\u0142ych owoc\u00f3w. Smak egzotycznych wakacji \u00a0zamkni\u0119ty w ma\u0142ej butelce. Zawiera wiele sk\u0142adnik\u00f3w od\u017cywczych, w tym enzym (bromelaina), kt\u00f3ry posiada w\u0142a\u015bciwo\u015bci przeciwzapalne. Sok ananasowy wzmacnia nasz uk\u0142ad odporno\u015bciowy, wspiera r\u00f3wnie\u017c prac\u0119 uk\u0142adu pokarmowego przy\u015bpieszaj\u0105c trawienie i zmniejszaj\u0105c wzd\u0119cia. To doskona\u0142e \u017ar\u00f3d\u0142o wielu witamin w tym magnezu oraz \u017celaza.<\/p>\n<p>Aromatyczny sok doskonale sprawdzi si\u0119 r\u00f3wnie\u017c do drink\u00f3w i koktajli.<\/p>\n<p>&nbsp;<\/p>\n<h2>Sok Jab\u0142kowy 100%:<\/h2>\n<h4>Sk\u0142adniki: Sok jab\u0142kowy 100%, przeciwutleniacz \u2013 witamina C<\/h4>\n<p>Naturalny sok jab\u0142kowy 100% t\u0142oczony na zimno z wyselekcjonowanych odmian jab\u0142ek. Orze\u017awiaj\u0105cy smak \u015bwie\u017cych owoc\u00f3w zamkni\u0119ty w butelce. Bogaty w witamin\u0119 C wspiera nasz\u0105 odporno\u015b\u0107. Dzi\u0119ki du\u017cej zawarto\u015bci sk\u0142adnik\u00f3w od\u017cywczych wzmacnia pozytywne samopoczucie i zmniejsza poczucie zm\u0119czenia.<\/p>\n<p>&nbsp;<\/p>\n<h2>Sok Ananasowo- Jab\u0142kowy 100%:<\/h2>\n<h4>Sk\u0142adniki: Sok ananasowy 50%, sok jab\u0142kowy 50%, przeciwutleniacz \u2013 witamina C (kwas askorbinowy)<\/h4>\n<p>Naturalny sok ananasowo-jab\u0142kowy to mieszanka dw\u00f3ch owoc\u00f3w; egzotycznych ananas\u00f3w i naszych polskich jab\u0142ek. T\u0142oczenie owoc\u00f3w na zimno pozwoli\u0142o zachowa\u0107 ich naturalny aromat. Sok ten jest bardzo orze\u017awiaj\u0105cy i bogaty w sk\u0142adniki od\u017cywcze. Stanowi idealne po\u0142\u0105czenie z drinkami i koktajlami.<\/p>\n<p>&nbsp;<\/p>\n","protected":false},"excerpt":{"rendered":"<h3>Karton 12 butelek 250ml<\/h3>\n<h4>4 butelki ka\u017cdego z trzech smak\u00f3w<\/h4>\n<h5>(bez mo\u017cliwo\u015bci wymiany smak\u00f3w)<\/h5>\n","protected":false},"featured_media":415,"template":"","meta":{"_eb_attr":""},"product_cat":[22,20],"product_tag":[25,26,24,27],"class_list":{"0":"post-414","1":"product","2":"type-product","3":"status-publish","4":"has-post-thumbnail","6":"product_cat-soki","7":"product_cat-zestawy","8":"product_tag-ananas","9":"product_tag-ananasowo-jablkowy","10":"product_tag-sok-jablkowy","11":"product_tag-soki","13":"first","14":"instock","15":"shipping-taxable","16":"purchasable","17":"product-type-simple"},"_links":{"self":[{"href":"http:\/\/vitberry.emersoft.pl\/wordpress\/wp-json\/wp\/v2\/product\/414","targetHints":{"allow":["GET"]}}],"collection":[{"href":"http:\/\/vitberry.emersoft.pl\/wordpress\/wp-json\/wp\/v2\/product"}],"about":[{"href":"http:\/\/vitberry.emersoft.pl\/wordpress\/wp-json\/wp\/v2\/types\/product"}],"wp:featuredmedia":[{"embeddable":true,"href":"http:\/\/vitberry.emersoft.pl\/wordpress\/wp-json\/wp\/v2\/media\/415"}],"wp:attachment":[{"href":"http:\/\/vitberry.emersoft.pl\/wordpress\/wp-json\/wp\/v2\/media?parent=414"}],"wp:term":[{"taxonomy":"product_cat","embeddable":true,"href":"http:\/\/vitberry.emersoft.pl\/wordpress\/wp-json\/wp\/v2\/product_cat?post=414"},{"taxonomy":"product_tag","embeddable":true,"href":"http:\/\/vitberry.emersoft.pl\/wordpress\/wp-json\/wp\/v2\/product_tag?post=414"}],"curies":[{"name":"wp","href":"https:\/\/api.w.org\/{rel}","templated":true}]}}